{"id":97,"date":"2018-10-26T20:11:55","date_gmt":"2018-10-26T18:11:55","guid":{"rendered":"http:\/\/norahartmann.de\/?page_id=97"},"modified":"2022-10-18T15:40:49","modified_gmt":"2022-10-18T13:40:49","slug":"leistungen","status":"publish","type":"page","link":"https:\/\/norahartmann.de\/?page_id=97","title":{"rendered":"Leistungen"},"content":{"rendered":"<p style=\"text-align: left;\">*Eigentlich l\u00e4uft alles soweit ganz gut mit dir und deinem Hund, bis auf diese klitzekleine Kleinigkeit&#8230;<br \/>\n*Du warst bei einem Seminar und w\u00fcnschst dir, dass ich mal eben draufschau, ob das so passt&#8230;<br \/>\n*Du bist nicht so der Katze-im-Sack-K\u00e4ufer und willst mich kennen lernen, bevor du dich f\u00fcr mehr entscheidest&#8230;<\/p>\n<p style=\"text-align: left;\">&#8230;dann empfehle ich dir die <span style=\"color: #00ff00;\">EINZELSTUNDE<\/span><\/p>\n<p style=\"text-align: right;\"><span style=\"color: #00ff00;\"> 69 \u20ac<\/span><\/p>\n<hr \/>\n<p>*Eure Baustelle ist ein wenig gr\u00f6\u00dfer, du bist aber Optimist und bereit, auch ohne mich flei\u00dfig zu \u00fcben&#8230;<br \/>\n*Du hast zwar Hundeerfahrung, die aber bei diesem einen Hund mit einem Mal nicht mehr greift&#8230; Du verstehst nicht, was er tut und wei\u00dft nicht, was tun, um Dinge zu verbessern&#8230;<br \/>\n*Es l\u00e4uft alles prima bei euch und du m\u00f6chtest einfach lernen, wie du entspannt mit deinem jagdlich motivierten Hund spazieren gehen und ihn k\u00f6rpersprachlich anleiten kannst&#8230;<\/p>\n<p style=\"text-align: left;\">&#8230;dann passt der <span style=\"color: #00ff00;\">3er Block (180 Minuten)<br \/>\n<\/span><\/p>\n<p style=\"text-align: right;\"><span style=\"color: #00ff00;\">190 \u20ac<\/span><\/p>\n<hr \/>\n<p>*Irgendwie ist euer Alltag eine einzige Baustelle, alles ist schlimm, jeder Spaziergang ein Fiasko, du bist verzweifelt und traust dich nur noch nach Einbruch der Dunkelheit raus&#8230;<br \/>\n*Du hast einen jagdlich seeehr motivierten Hund und schon alle Trainingsmethoden durch&#8230;<br \/>\n*Du hast einen Welpen oder einen Hund aus dem Tierschutz, ein neuer Hund ist eingezogen und Du m\u00f6chtest von Anfang an alles so richtig wie m\u00f6glich machen&#8230;<\/p>\n<p style=\"text-align: left;\">&#8230;nimm den <span style=\"color: #00ff00;\">5ER BLOCK (300 Minuten)<br \/>\n<\/span><\/p>\n<p style=\"text-align: right;\"><span style=\"color: #00ff00;\">300 \u20ac<\/span><\/p>\n<hr \/>\n<p style=\"text-align: left;\">*Eigentlich ist alles fein und euer einziges Thema sind Hundebegegnungen, dein Hund tickt aus, wenn er Artgenossen sieht oder nur riecht&#8230;<\/p>\n<p style=\"text-align: left;\">&#8230;dann hilft der <span style=\"color: #00ff00;\">SOCIALWALK<\/span><\/p>\n<p style=\"text-align: right;\">nur Du mit meinen Hunden \u00a0 <span style=\"color: #00ff00;\">69 \u20ac<br \/>\n<\/span>zwei Mensch-Hund-Teams\u00a0 je\u00a0 <span style=\"color: #00ff00;\">35 \u20ac<br \/>\n<\/span>drei Mensch-Hund-Teams je<span style=\"color: #00ff00;\"> \u00a0\u00a0 23 \u20ac<\/span><\/p>\n<hr \/>\n<p>*Du hast Bock auf ein bissl Spiel und Spa\u00df mit Deinem Hund&#8230;<\/p>\n<p>&#8230;dann komm zu <span style=\"color: #00ff00;\">Mobility &#8211; die Gruppe<\/span><\/p>\n<p style=\"text-align: right;\">60 min \u00a0 \u00a0 \u00a0 \u00a0 \u00a0 \u00a0 \u00a0 \u00a0 \u00a0 \u00a0 \u00a0 \u00a0 \u00a0 \u00a0 \u00a0 \u00a0 \u00a0 \u00a0 \u00a0 \u00a0 \u00a0 \u00a0 \u00a0 \u00a0 <span style=\"color: #00ff00;\"><span style=\"color: #000000;\"><span style=\"color: #00ff00;\">19 \u20ac<\/span><\/span><\/span><\/p>\n<p style=\"text-align: right;\">10er Karte \u00a0 \u00a0 \u00a0 \u00a0 \u00a0 \u00a0 \u00a0 \u00a0 \u00a0 \u00a0 \u00a0 \u00a0 \u00a0 \u00a0 \u00a0 \u00a0 \u00a0 \u00a0 \u00a0 \u00a0 \u00a0 \u00a0 <span style=\"color: #00ff00;\">170 \u20ac <\/span><\/p>\n<p><a title=\"Mobility? Was ist das?\" href=\"https:\/\/norahartmann.de\/?page_id=456\">Mobility? Was ist das?<\/a><\/p>\n<hr \/>\n<p>*Du brauchst ein bissl&#8217;&#8230;<br \/>\n(den Halt und die Begleitung einer Gruppe, enge Betreuung, viele Wiederholungen und gemeinsames Festigen von Routinen und Ritualen im Alltag mit Hund).<\/p>\n<p>&#8230;dann komm zu <span style=\"color: #00ff00;\">Hunde fair f\u00fchren im Alltag &#8211; Die Gruppe<\/span><\/p>\n<p style=\"text-align: right;\">\u00a0\u00a0 8er Karte (8*60min) \u00a0 \u00a0\u00a0 \u00a0 \u00a0 \u00a0 \u00a0 \u00a0 \u00a0 \u00a0 \u00a0 <span style=\"color: #00ff00;\">200\u20ac<\/span><\/p>\n<p><a title=\"Hunde fair f\u00fchren im Alltag \u2013 Die Gruppe\" href=\"https:\/\/norahartmann.de\/?page_id=473\">genauere Beschreibung<\/a><\/p>\n<p>&nbsp;<\/p>\n<p>&nbsp;<\/p>\n<hr \/>\n<p>*Seminare \u00a0 \u00a0 \u00a0 \u00a0 \u00a0 \u00a0 \u00a0 \u00a0 \u00a0 \u00a0 \u00a0 \u00a0 \u00a0 \u00a0 \u00a0 \u00a0 \u00a0 \u00a0 \u00a0 \u00a0 \u00a0 \u00a0 \u00a0 \u00a0 \u00a0 \u00a0 \u00a0 \u00a0 \u00a0 \u00a0\u00a0\u00a0 \u00a0 \u00a0 \u00a0 \u00a0 je nach Ausschreibung<\/p>\n<p><span style=\"color: #00ff00;\">\u00a0\u00a0\u00a0\u00a0\u00a0\u00a0\u00a0\u00a0\u00a0\u00a0\u00a0\u00a0\u00a0\u00a0\u00a0\u00a0\u00a0\u00a0\u00a0\u00a0\u00a0\u00a0\u00a0\u00a0\u00a0\u00a0\u00a0\u00a0\u00a0\u00a0\u00a0\u00a0\u00a0\u00a0\u00a0\u00a0\u00a0\u00a0\u00a0\u00a0\u00a0\u00a0\u00a0\u00a0\u00a0\u00a0\u00a0\u00a0\u00a0\u00a0\u00a0\u00a0\u00a0\u00a0\u00a0\u00a0\u00a0\u00a0\u00a0\u00a0\u00a0\u00a0\u00a0\u00a0\u00a0\u00a0\u00a0\u00a0\u00a0\u00a0\u00a0\u00a0\u00a0\u00a0\u00a0\u00a0\u00a0\u00a0\u00a0\u00a0\u00a0\u00a0\u00a0\u00a0\u00a0\u00a0\u00a0\u00a0\u00a0\u00a0\u00a0\u00a0\u00a0 <a style=\"color: #00ff00;\" href=\"http:\/\/norahartmann.de\/?page_id=375\">siehe Men\u00fc Seminare<\/a><\/span> \u00a0\u00a0\u00a0\u00a0\u00a0\u00a0\u00a0\u00a0\u00a0\u00a0\u00a0\u00a0\u00a0\u00a0\u00a0\u00a0\u00a0\u00a0\u00a0\u00a0\u00a0\u00a0\u00a0\u00a0\u00a0\u00a0\u00a0\u00a0\u00a0\u00a0\u00a0\u00a0\u00a0\u00a0\u00a0\u00a0\u00a0\u00a0\u00a0\u00a0\u00a0\u00a0\u00a0\u00a0\u00a0\u00a0\u00a0\u00a0\u00a0\u00a0\u00a0\u00a0\u00a0\u00a0\u00a0\u00a0\u00a0\u00a0\u00a0\u00a0\u00a0\u00a0\u00a0\u00a0\u00a0\u00a0\u00a0\u00a0\u00a0\u00a0\u00a0\u00a0\u00a0\u00a0\u00a0\u00a0\u00a0\u00a0\u00a0\u00a0\u00a0\u00a0\u00a0\u00a0\u00a0\u00a0\u00a0\u00a0\u00a0\u00a0\u00a0\u00a0\u00a0\u00a0\u00a0\u00a0\u00a0\u00a0\u00a0\u00a0\u00a0 <span style=\"color: #00ff00;\"><br \/>\n<\/span><\/p>\n<hr \/>\n<ul>\n<li>10 km Anfahrt inklusive<\/li>\n<li>jeden dar\u00fcber hinaus gefahrenen Kilometer erlaube ich mir, mit 1,00 \u20ac in Rechnung zu stellen<\/li>\n<\/ul>\n","protected":false},"excerpt":{"rendered":"<p>*Eigentlich l\u00e4uft alles soweit ganz gut mit dir und deinem Hund, bis auf diese klitzekleine Kleinigkeit&#8230; *Du warst bei einem Seminar und w\u00fcnschst dir, dass ich mal eben draufschau, ob das so passt&#8230; *Du bist nicht so der Katze-im-Sack-K\u00e4ufer und willst mich kennen lernen, bevor du dich f\u00fcr mehr entscheidest&#8230; &#8230;dann empfehle ich dir die &hellip; <\/p>\n<p class=\"link-more\"><a href=\"https:\/\/norahartmann.de\/?page_id=97\" class=\"more-link\"><span class=\"screen-reader-text\">\u201eLeistungen\u201c<\/span> weiterlesen<\/a><\/p>\n","protected":false},"author":1,"featured_media":0,"parent":0,"menu_order":0,"comment_status":"closed","ping_status":"closed","template":"","meta":[],"_links":{"self":[{"href":"https:\/\/norahartmann.de\/index.php?rest_route=\/wp\/v2\/pages\/97"}],"collection":[{"href":"https:\/\/norahartmann.de\/index.php?rest_route=\/wp\/v2\/pages"}],"about":[{"href":"https:\/\/norahartmann.de\/index.php?rest_route=\/wp\/v2\/types\/page"}],"author":[{"embeddable":true,"href":"https:\/\/norahartmann.de\/index.php?rest_route=\/wp\/v2\/users\/1"}],"replies":[{"embeddable":true,"href":"https:\/\/norahartmann.de\/index.php?rest_route=%2Fwp%2Fv2%2Fcomments&post=97"}],"version-history":[{"count":57,"href":"https:\/\/norahartmann.de\/index.php?rest_route=\/wp\/v2\/pages\/97\/revisions"}],"predecessor-version":[{"id":489,"href":"https:\/\/norahartmann.de\/index.php?rest_route=\/wp\/v2\/pages\/97\/revisions\/489"}],"wp:attachment":[{"href":"https:\/\/norahartmann.de\/index.php?rest_route=%2Fwp%2Fv2%2Fmedia&parent=97"}],"curies":[{"name":"wp","href":"https:\/\/api.w.org\/{rel}","templated":true}]}}