{"id":473,"date":"2022-01-04T15:42:21","date_gmt":"2022-01-04T14:42:21","guid":{"rendered":"https:\/\/norahartmann.de\/?page_id=473"},"modified":"2022-01-05T08:42:30","modified_gmt":"2022-01-05T07:42:30","slug":"hunde-fair-fuehren-im-alltag-die-gruppe","status":"publish","type":"page","link":"https:\/\/norahartmann.de\/?page_id=473","title":{"rendered":"Hunde fair f\u00fchren im Alltag &#8211; Die Gruppe"},"content":{"rendered":"<p>Hunde fair f\u00fchren im Alltag &#8211; die Gruppe:<\/p>\n<p>Wir treffen wir uns einmal w\u00f6chentlich und gehen in einer Kleingruppe (max.5 Mensch\/Hund-Teams) gemeinsam den Alltag an \ud83d\udcaa<\/p>\n<p>Unsere Themen sind &#8218;total normal&#8216;:<\/p>\n<p>*Leinenf\u00fchrigkeit<br \/>\n*Hundebegegnung<br \/>\n&#8222;Jogger, Radfahrer<br \/>\n*Impulskontrolle<br \/>\n*Jagdtrieb<br \/>\n*\u00f6ffentliche Verkehrsmittel<br \/>\n*Freilauf&amp;Spiel<br \/>\n*Auslastung<br \/>\n&#8222;R\u00fcckruf und Grundgehorsam&#8230;<\/p>\n<p>WIE wuppen wir all das, und wie wuppen wir es guuut UND haben auch noch Spa\u00df dabei?<\/p>\n<p>&nbsp;<\/p>\n","protected":false},"excerpt":{"rendered":"<p>Hunde fair f\u00fchren im Alltag &#8211; die Gruppe: Wir treffen wir uns einmal w\u00f6chentlich und gehen in einer Kleingruppe (max.5 Mensch\/Hund-Teams) gemeinsam den Alltag an \ud83d\udcaa Unsere Themen sind &#8218;total normal&#8216;: *Leinenf\u00fchrigkeit *Hundebegegnung &#8222;Jogger, Radfahrer *Impulskontrolle *Jagdtrieb *\u00f6ffentliche Verkehrsmittel *Freilauf&amp;Spiel *Auslastung &#8222;R\u00fcckruf und Grundgehorsam&#8230; WIE wuppen wir all das, und wie wuppen wir es guuut &hellip; <\/p>\n<p class=\"link-more\"><a href=\"https:\/\/norahartmann.de\/?page_id=473\" class=\"more-link\"><span class=\"screen-reader-text\">\u201eHunde fair f\u00fchren im Alltag &#8211; Die Gruppe\u201c<\/span> weiterlesen<\/a><\/p>\n","protected":false},"author":1,"featured_media":0,"parent":0,"menu_order":0,"comment_status":"closed","ping_status":"closed","template":"","meta":[],"_links":{"self":[{"href":"https:\/\/norahartmann.de\/index.php?rest_route=\/wp\/v2\/pages\/473"}],"collection":[{"href":"https:\/\/norahartmann.de\/index.php?rest_route=\/wp\/v2\/pages"}],"about":[{"href":"https:\/\/norahartmann.de\/index.php?rest_route=\/wp\/v2\/types\/page"}],"author":[{"embeddable":true,"href":"https:\/\/norahartmann.de\/index.php?rest_route=\/wp\/v2\/users\/1"}],"replies":[{"embeddable":true,"href":"https:\/\/norahartmann.de\/index.php?rest_route=%2Fwp%2Fv2%2Fcomments&post=473"}],"version-history":[{"count":3,"href":"https:\/\/norahartmann.de\/index.php?rest_route=\/wp\/v2\/pages\/473\/revisions"}],"predecessor-version":[{"id":480,"href":"https:\/\/norahartmann.de\/index.php?rest_route=\/wp\/v2\/pages\/473\/revisions\/480"}],"wp:attachment":[{"href":"https:\/\/norahartmann.de\/index.php?rest_route=%2Fwp%2Fv2%2Fmedia&parent=473"}],"curies":[{"name":"wp","href":"https:\/\/api.w.org\/{rel}","templated":true}]}}