{"id":456,"date":"2022-01-04T14:21:48","date_gmt":"2022-01-04T13:21:48","guid":{"rendered":"https:\/\/norahartmann.de\/?page_id=456"},"modified":"2022-10-18T15:52:25","modified_gmt":"2022-10-18T13:52:25","slug":"mobility-was-ist-das","status":"publish","type":"page","link":"https:\/\/norahartmann.de\/?page_id=456","title":{"rendered":"Mobility? Was ist das?"},"content":{"rendered":"<div style=\"width: 525px;\" class=\"wp-video\"><!--[if lt IE 9]><script>document.createElement('video');<\/script><![endif]-->\n<video class=\"wp-video-shortcode\" id=\"video-456-1\" width=\"525\" height=\"525\" preload=\"metadata\" controls=\"controls\"><source type=\"video\/mp4\" src=\"https:\/\/norahartmann.de\/wp-content\/uploads\/2022\/01\/VIDEO-2022-01-04-09-21-35.mp4?_=1\" \/><a href=\"https:\/\/norahartmann.de\/wp-content\/uploads\/2022\/01\/VIDEO-2022-01-04-09-21-35.mp4\">https:\/\/norahartmann.de\/wp-content\/uploads\/2022\/01\/VIDEO-2022-01-04-09-21-35.mp4<\/a><\/video><\/div>\n<p>Hier geht es darum, gemeinsam mit dem Hund spielerisch Aufgaben zu l\u00f6sen: in Bewegung zu sein, k\u00f6rperlich und geistig!<br \/>\nEs wird hinauf gehen, hinunter, durch und auch mal drunter und dr\u00fcber&#8230; \ud83d\ude05<br \/>\nDer Mensch schult sich ein bissl in K\u00f6rpersprache (&#8222;Wie schick ich meinen Hund? Wie erkl\u00e4re ich ihm, wie ich&#8217;s grad gern h\u00e4tte?)<br \/>\nDer Hund \u00fcbt sich darin, seinen Menschen zu verstehen.<br \/>\nEs geht nicht um h\u00f6her, schneller, weiter, sondern um Spiel und Spa\u00df, Aufgaben individuell l\u00f6sen und um&#8217;s &#8218;gemeinsam wachsen&#8216;.<\/p>\n<p>Und wie bei allem, was ich rund um den Hund anbiete, liegt auch hier der Fokus NICHT auf dem &#8218;perfekten&#8216; Hund (wie auch immer der dann jeweils ausschaut \ud83d\ude05), sondern auf MITEINANDER, auf GEMEINSAM \u2764\ufe0f<\/p>\n<p>Mobility ist f\u00fcr jedermann und jederfrau geeignet (im Gegensatz zu Agility muss man hier so gar nicht sportlich sein) und Hunde aller Altersklassen und Rassen k\u00f6nnen teilnehmen und d\u00fcrfen hier ein bissl ihr K\u00f6pfchen anstrengen und die Muskeln \ud83d\udcaa<\/p>\n<p>(Und nebenbei&#8230;und ganz unauff\u00e4llig \ud83d\ude05&#8230; werden wir Dinge schulen und festigen, die uns im Alltag Sicherheit geben)<\/p>\n<p>Die Stunden bauen nicht aufeinander auf, ein Einstieg ist jederzeit m\u00f6glich.<\/p>\n<p>Sonntags von 10 bis 11 Uhr.<br \/>\n(5 MenschHundTeams)<\/p>\n<p>Anmeldung \u00fcber Nora Hartmann &#8211;<br \/>\nCoaching f\u00fcr Mensch mit Hund,<br \/>\n0172 7469969,\u00a0\u00a0\u00a0\u00a0\u00a0\u00a0\u00a0\u00a0\u00a0\u00a0\u00a0\u00a0\u00a0\u00a0\u00a0\u00a0\u00a0\u00a0\u00a0\u00a0\u00a0\u00a0\u00a0\u00a0\u00a0\u00a0\u00a0\u00a0\u00a0\u00a0\u00a0\u00a0\u00a0\u00a0\u00a0\u00a0\u00a0\u00a0\u00a0\u00a0\u00a0\u00a0\u00a0\u00a0\u00a0\u00a0\u00a0\u00a0\u00a0\u00a0\u00a0\u00a0\u00a0\u00a0\u00a0\u00a0\u00a0\u00a0\u00a0\u00a0\u00a0\u00a0\u00a0\u00a0\u00a0\u00a0\u00a0\u00a0\u00a0\u00a0\u00a0\u00a0\u00a0\u00a0\u00a0\u00a0\u00a0\u00a0\u00a0 <a href=\"https:\/\/norahartmann.de\/?page_id=97\">zur\u00fcck<\/a><br \/>\n<a href=\"mailto:info@norahartmann.de\">info@norahartmann.de<\/a><\/p>\n","protected":false},"excerpt":{"rendered":"<p>Hier geht es darum, gemeinsam mit dem Hund spielerisch Aufgaben zu l\u00f6sen: in Bewegung zu sein, k\u00f6rperlich und geistig! Es wird hinauf gehen, hinunter, durch und auch mal drunter und dr\u00fcber&#8230; \ud83d\ude05 Der Mensch schult sich ein bissl in K\u00f6rpersprache (&#8222;Wie schick ich meinen Hund? Wie erkl\u00e4re ich ihm, wie ich&#8217;s grad gern h\u00e4tte?) Der &hellip; <\/p>\n<p class=\"link-more\"><a href=\"https:\/\/norahartmann.de\/?page_id=456\" class=\"more-link\"><span class=\"screen-reader-text\">\u201eMobility? Was ist das?\u201c<\/span> weiterlesen<\/a><\/p>\n","protected":false},"author":1,"featured_media":0,"parent":0,"menu_order":0,"comment_status":"closed","ping_status":"closed","template":"","meta":[],"_links":{"self":[{"href":"https:\/\/norahartmann.de\/index.php?rest_route=\/wp\/v2\/pages\/456"}],"collection":[{"href":"https:\/\/norahartmann.de\/index.php?rest_route=\/wp\/v2\/pages"}],"about":[{"href":"https:\/\/norahartmann.de\/index.php?rest_route=\/wp\/v2\/types\/page"}],"author":[{"embeddable":true,"href":"https:\/\/norahartmann.de\/index.php?rest_route=\/wp\/v2\/users\/1"}],"replies":[{"embeddable":true,"href":"https:\/\/norahartmann.de\/index.php?rest_route=%2Fwp%2Fv2%2Fcomments&post=456"}],"version-history":[{"count":5,"href":"https:\/\/norahartmann.de\/index.php?rest_route=\/wp\/v2\/pages\/456\/revisions"}],"predecessor-version":[{"id":490,"href":"https:\/\/norahartmann.de\/index.php?rest_route=\/wp\/v2\/pages\/456\/revisions\/490"}],"wp:attachment":[{"href":"https:\/\/norahartmann.de\/index.php?rest_route=%2Fwp%2Fv2%2Fmedia&parent=456"}],"curies":[{"name":"wp","href":"https:\/\/api.w.org\/{rel}","templated":true}]}}