{"id":416,"date":"2020-02-19T20:44:33","date_gmt":"2020-02-19T19:44:33","guid":{"rendered":"http:\/\/norahartmann.de\/?page_id=416"},"modified":"2020-02-19T21:05:51","modified_gmt":"2020-02-19T20:05:51","slug":"stadt-land-fuss","status":"publish","type":"page","link":"https:\/\/norahartmann.de\/?page_id=416","title":{"rendered":"Stadt Land Fuss"},"content":{"rendered":"<p>STADT * LAND * FUSS<br \/>\nW\u00e4hrend dieses &#8222;Langzeitseminars&#8220; besch\u00e4ftigen wir uns intensiv mit der Philosophie Ulli Reichmanns und wandeln gemeinsam auf den &#8218;Wegen zur Freundschaft&#8216; speziell f\u00fcr Hunde in der Stadt.<\/p>\n<p>*Funktioniert das Ulliding denn auch im urbanen Umfeld?<br \/>\n*Wieviel Freiheit kann ich meinem Hund dort geben?<br \/>\n*Wieviel Gehorsam braucht&#8217;s im t\u00e4glichen Miteinander denn wirklich?<br \/>\n*Die lange Leine auch an der Stra\u00dfe? Wie soll das gehen?<br \/>\n*Und wenn ein anderer Hund kommt?<\/p>\n<p>Wir schauen mal ganz genau auf unsere K\u00f6rpersprache und erfahren, wie wir damit unsere Hunde beeinflussen und &#8218;f\u00fchren&#8216; k\u00f6nnen.<br \/>\nWir \u00fcberdenken den Spaziergang in einer urbanen Umgebung &#8211; wieviel braucht der Hund und in welcher Qualit\u00e4t.<br \/>\nWir probieren uns aus &#8211; im Wohngebiet, im Wald und auf der Wiese.<\/p>\n<p>Wir treffen uns dreimal an einem Sonntag mit einem Monat Abstand und starten jeweils mit einem Theorieteil.<br \/>\nAnschlie\u00dfend geht es in die Praxis, wobei jedes MenschHundTeam f\u00fcr sich geht und w\u00e4hrenddessen von mir als Trainer individuelle Unterst\u00fctzung erh\u00e4lt.<br \/>\nDie anderen Teilnehmer begleiten den Gang dann jeweils ohne Hund und haben so die M\u00f6glichkeit zu beobachten, zu erkennen, zu fragen und zu verstehen.<br \/>\nIn den Wochen zwischen unseren SeminarSonntagen bleiben wir in einer WhatsApp-Gruppe in engem Kontakt, tauschen uns aus, motivieren uns, berichten \u00fcber Erfolge und Misserfolge, zeigen Videos her vom Spaziergang und analysieren diese.<br \/>\nEs werden intensive Monate.<br \/>\nUnd spannende.<br \/>\nUnd erkenntnisreiche.<br \/>\nUnd wilde&#8230;<\/p>\n<p>Das &#8218;Stadt-Land-Fuss-Seminar&#8216; bietet Raum f\u00fcr 3 Menschen mit Hund.<\/p>\n<p>Kosten:<\/p>\n<p>Mit Hund\u00a0\u00a0\u00a0\u00a0\u00a0\u00a0\u00a0\u00a0\u00a0\u00a0\u00a0\u00a0\u00a0\u00a0\u00a0\u00a0\u00a0\u00a0\u00a0\u00a0\u00a0\u00a0\u00a0\u00a0\u00a0\u00a0\u00a0 360 \u20ac<br \/>\nohne Hund\u00a0\u00a0\u00a0\u00a0\u00a0\u00a0\u00a0\u00a0\u00a0\u00a0\u00a0\u00a0\u00a0\u00a0\u00a0\u00a0\u00a0\u00a0\u00a0\u00a0\u00a0\u00a0\u00a0\u00a0 260\u20ac<br \/>\nBegleitperson\u00a0\u00a0\u00a0\u00a0\u00a0\u00a0\u00a0\u00a0\u00a0\u00a0\u00a0\u00a0\u00a0\u00a0\u00a0\u00a0\u00a0 100\u20ac<\/p>\n<p>Beginn: M\u00e4rz 2020<\/p>\n<p>(Voraussetzung f\u00fcr die Teilnahme ist, mit der Philosophie Ulli Reichmanns schon vertraut zu sein, hei\u00dft mindestens eines ihrer B\u00fccher gelesen zu haben, am besten sogar das Praxisbuch &#8211; ISBN 978-3-936188-73-8)<\/p>\n<p>Anmeldung: <a href=\"mailto:info@norahartmann.de\">info@norahartmann.de<\/a><\/p>\n<p>Ich freu mich auf euch!<\/p>\n<p><a href=\"http:\/\/norahartmann.de\/?page_id=375\">zur\u00fcck zu Seminare<\/a><\/p>\n","protected":false},"excerpt":{"rendered":"<p>STADT * LAND * FUSS W\u00e4hrend dieses &#8222;Langzeitseminars&#8220; besch\u00e4ftigen wir uns intensiv mit der Philosophie Ulli Reichmanns und wandeln gemeinsam auf den &#8218;Wegen zur Freundschaft&#8216; speziell f\u00fcr Hunde in der Stadt. *Funktioniert das Ulliding denn auch im urbanen Umfeld? *Wieviel Freiheit kann ich meinem Hund dort geben? *Wieviel Gehorsam braucht&#8217;s im t\u00e4glichen Miteinander denn wirklich? &hellip; <\/p>\n<p class=\"link-more\"><a href=\"https:\/\/norahartmann.de\/?page_id=416\" class=\"more-link\"><span class=\"screen-reader-text\">\u201eStadt Land Fuss\u201c<\/span> weiterlesen<\/a><\/p>\n","protected":false},"author":1,"featured_media":0,"parent":0,"menu_order":0,"comment_status":"closed","ping_status":"closed","template":"","meta":[],"_links":{"self":[{"href":"https:\/\/norahartmann.de\/index.php?rest_route=\/wp\/v2\/pages\/416"}],"collection":[{"href":"https:\/\/norahartmann.de\/index.php?rest_route=\/wp\/v2\/pages"}],"about":[{"href":"https:\/\/norahartmann.de\/index.php?rest_route=\/wp\/v2\/types\/page"}],"author":[{"embeddable":true,"href":"https:\/\/norahartmann.de\/index.php?rest_route=\/wp\/v2\/users\/1"}],"replies":[{"embeddable":true,"href":"https:\/\/norahartmann.de\/index.php?rest_route=%2Fwp%2Fv2%2Fcomments&post=416"}],"version-history":[{"count":2,"href":"https:\/\/norahartmann.de\/index.php?rest_route=\/wp\/v2\/pages\/416\/revisions"}],"predecessor-version":[{"id":426,"href":"https:\/\/norahartmann.de\/index.php?rest_route=\/wp\/v2\/pages\/416\/revisions\/426"}],"wp:attachment":[{"href":"https:\/\/norahartmann.de\/index.php?rest_route=%2Fwp%2Fv2%2Fmedia&parent=416"}],"curies":[{"name":"wp","href":"https:\/\/api.w.org\/{rel}","templated":true}]}}