{"id":40,"date":"2018-10-26T17:32:16","date_gmt":"2018-10-26T15:32:16","guid":{"rendered":"http:\/\/norahartmann.de\/?page_id=40"},"modified":"2019-02-01T12:13:22","modified_gmt":"2019-02-01T11:13:22","slug":"https-norahartmann-de","status":"publish","type":"page","link":"https:\/\/norahartmann.de\/?page_id=40","title":{"rendered":"Willkommen"},"content":{"rendered":"<p>&nbsp;<\/p>\n<p><img loading=\"lazy\" class=\"alignnone wp-image-27\" src=\"http:\/\/norahartmann.de\/wp-content\/uploads\/2018\/10\/cropped-20181018_150720-300x151.jpg\" alt=\"\" width=\"1013\" height=\"510\" srcset=\"https:\/\/norahartmann.de\/wp-content\/uploads\/2018\/10\/cropped-20181018_150720-300x151.jpg 300w, https:\/\/norahartmann.de\/wp-content\/uploads\/2018\/10\/cropped-20181018_150720-768x387.jpg 768w, https:\/\/norahartmann.de\/wp-content\/uploads\/2018\/10\/cropped-20181018_150720.jpg 989w\" sizes=\"(max-width: 767px) 89vw, (max-width: 1000px) 54vw, (max-width: 1071px) 543px, 580px\" \/><\/p>\n<p><strong>\u2764lich Willkommen &#8211; Sch\u00f6n, dass du mich gefunden hast.<br \/>\n<\/strong><\/p>\n<p>Du bist auf der Suche nach Antworten auf die Fragen, die dein Hund dir stellt.<\/p>\n<p>Du hast das Gef\u00fchl, deinem Hund nicht gerecht zu werden, f\u00fchlst dich \u00fcberfordert im t\u00e4glichen Miteinander.<\/p>\n<p>Du bef\u00fcrchtest, dein Hund ist nicht ausgelastet.<\/p>\n<p>Du verstehst ihn nicht (oder er nicht dich).<\/p>\n<p>Er treibt dich in seinem unkontrollierbar scheinenden Jagdverhalten an den Rande des Wahnsinns.<\/p>\n<p>Du m\u00f6chtest einfach eine nat\u00fcrliche und gesunde Beziehung zu deinem Hund haben, jenseits allen Rangfolgen- und Rudelf\u00fchrergehabes&#8230;<\/p>\n<p>Dann ruf mich an\u00a0 01727469969<\/p>\n<p>Gerne mag ich Dir zeigen und erkl\u00e4ren, wie du mit deinem Hund ins Gespr\u00e4ch kommst und ihr in freundschaftlicher Verbundenheit und beidseitigem Respekt lernt, die Probleme, vor die euch der Alltag stellt, zu meistern.<\/p>\n<p>Ich freu mich sehr auf euch!<br \/>\nNora Hartmann<\/p>\n<p><span style=\"color: #333333;\">\u00a0<\/span><\/p>\n","protected":false},"excerpt":{"rendered":"<p>&nbsp; \u2764lich Willkommen &#8211; Sch\u00f6n, dass du mich gefunden hast. Du bist auf der Suche nach Antworten auf die Fragen, die dein Hund dir stellt. Du hast das Gef\u00fchl, deinem Hund nicht gerecht zu werden, f\u00fchlst dich \u00fcberfordert im t\u00e4glichen Miteinander. Du bef\u00fcrchtest, dein Hund ist nicht ausgelastet. Du verstehst ihn nicht (oder er nicht &hellip; <\/p>\n<p class=\"link-more\"><a href=\"https:\/\/norahartmann.de\/?page_id=40\" class=\"more-link\"><span class=\"screen-reader-text\">\u201eWillkommen\u201c<\/span> weiterlesen<\/a><\/p>\n","protected":false},"author":1,"featured_media":0,"parent":0,"menu_order":0,"comment_status":"closed","ping_status":"closed","template":"","meta":[],"_links":{"self":[{"href":"https:\/\/norahartmann.de\/index.php?rest_route=\/wp\/v2\/pages\/40"}],"collection":[{"href":"https:\/\/norahartmann.de\/index.php?rest_route=\/wp\/v2\/pages"}],"about":[{"href":"https:\/\/norahartmann.de\/index.php?rest_route=\/wp\/v2\/types\/page"}],"author":[{"embeddable":true,"href":"https:\/\/norahartmann.de\/index.php?rest_route=\/wp\/v2\/users\/1"}],"replies":[{"embeddable":true,"href":"https:\/\/norahartmann.de\/index.php?rest_route=%2Fwp%2Fv2%2Fcomments&post=40"}],"version-history":[{"count":18,"href":"https:\/\/norahartmann.de\/index.php?rest_route=\/wp\/v2\/pages\/40\/revisions"}],"predecessor-version":[{"id":264,"href":"https:\/\/norahartmann.de\/index.php?rest_route=\/wp\/v2\/pages\/40\/revisions\/264"}],"wp:attachment":[{"href":"https:\/\/norahartmann.de\/index.php?rest_route=%2Fwp%2Fv2%2Fmedia&parent=40"}],"curies":[{"name":"wp","href":"https:\/\/api.w.org\/{rel}","templated":true}]}}