{"id":36,"date":"2018-10-26T17:51:46","date_gmt":"2018-10-26T15:51:46","guid":{"rendered":"http:\/\/norahartmann.de\/?page_id=36"},"modified":"2022-01-04T14:16:05","modified_gmt":"2022-01-04T13:16:05","slug":"ueber-mich","status":"publish","type":"page","link":"https:\/\/norahartmann.de\/?page_id=36","title":{"rendered":"\u00dcber mich"},"content":{"rendered":"<p><img loading=\"lazy\" class=\"alignnone size-medium wp-image-130\" src=\"http:\/\/norahartmann.de\/wp-content\/uploads\/2018\/10\/DSC_0060-300x199.jpg\" alt=\"\" width=\"300\" height=\"199\" srcset=\"https:\/\/norahartmann.de\/wp-content\/uploads\/2018\/10\/DSC_0060-300x199.jpg 300w, https:\/\/norahartmann.de\/wp-content\/uploads\/2018\/10\/DSC_0060-768x511.jpg 768w, https:\/\/norahartmann.de\/wp-content\/uploads\/2018\/10\/DSC_0060-1024x681.jpg 1024w\" sizes=\"(max-width: 300px) 100vw, 300px\" \/><\/p>\n<p>1969 geboren als Tochter einer Tierpflegerin und in der Stuttgarter Wilhelma aufgewachsen, hatte ich zwangsl\u00e4ufig sehr engen Kontakt zu den unterschiedlichsten Tieren. Der Umgang mit ihnen und das Beobachten ihrer Kommunikation untereinander und auch dem Menschen gegen\u00fcber faszinierte mich von Kindesbeinen an und war mir v\u00f6llig selbstverst\u00e4ndlich.<br \/>\nMit Hunden zu tun hatte ich irgendwie schon immer, f\u00fcr den ersten eigenen Hund war allerdings erst recht sp\u00e4t Platz in meinem Leben. Seit 2007 geh\u00f6rt ein Galgo mit zur Familie, der die gesamte Palette &#8222;h\u00fcndischen Fehlverhaltens&#8220; auf`s Vortrefflichste beherrscht. Er jagt, hat`s mit seinen Artgenossen eher nicht so und Gehorsam findet er zum Davonlaufen&#8230;<br \/>\nSo begann damals meine Odysee durch die gro\u00dfe weite Welt der Hundetrainer und lie\u00df mich tief eintauchen in die Materie der Hundeerziehung. Nach vielen,vielen Seminaren und Praktika wusste ich dann zumindest, was NICHT funktioniert und was ich NICHT will: n\u00e4mlich mit Zwang und Schreckreizen den Hund zum Funktionieren zu bringen&#8230;<br \/>\nIm Januar 2016 sp\u00fclte mir dann das Schicksal ein Buch von Ulli Reichmann in mein Leben und lie\u00df mich endlich ankommen.<br \/>\nSeitdem gehen wir gemeinsam, meine Hunde und ich, in Liebe und tiefem Respekt f\u00fcreinander den <strong>Weg der Freundschaft.\u00a0<\/strong><\/p>\n<p>( Zertifizierte Trainerin durch Ulli Reichmann seit 2018 )<strong><\/p>\n<p><img loading=\"lazy\" class=\"wp-image-454 aligncenter\" src=\"https:\/\/norahartmann.de\/wp-content\/uploads\/2022\/01\/1641301892329-226x300.jpg\" alt=\"\" width=\"130\" height=\"173\" srcset=\"https:\/\/norahartmann.de\/wp-content\/uploads\/2022\/01\/1641301892329-226x300.jpg 226w, https:\/\/norahartmann.de\/wp-content\/uploads\/2022\/01\/1641301892329-770x1024.jpg 770w, https:\/\/norahartmann.de\/wp-content\/uploads\/2022\/01\/1641301892329-768x1021.jpg 768w, https:\/\/norahartmann.de\/wp-content\/uploads\/2022\/01\/1641301892329-1155x1536.jpg 1155w, https:\/\/norahartmann.de\/wp-content\/uploads\/2022\/01\/1641301892329.jpg 1440w\" sizes=\"(max-width: 130px) 100vw, 130px\" \/><br \/>\n<\/strong><\/p>\n<p>&nbsp;<\/p>\n<p>(Seit Sommer 2018 beh\u00f6rdlich zertifiziert nach \u00a711 des Tierschutzgesetzes)<\/p>\n<p><a href=\"https:\/\/www.ullihunde.com\/meine-b%C3%BCcher\/\" target=\"_blank\" rel=\"noopener\">Wege zur Freundschaft <\/a><\/p>\n<p><a href=\"https:\/\/www.ullihunde.com\/meine-b%C3%BCcher\/\">Alltagswege zur Freundschaft<\/a><\/p>\n<p><a href=\"https:\/\/www.ullihunde.com\/meine-b%C3%BCcher\/\">Welpenwege zur Freundschaft<\/a><\/p>\n<p>von Ulli Reichmann<\/p>\n<p><img loading=\"lazy\" class=\"size-full wp-image-355 alignleft\" src=\"http:\/\/norahartmann.de\/wp-content\/uploads\/2019\/10\/Wege-zur-Freundschaft.jpg\" alt=\"\" width=\"110\" height=\"142\" \/><img loading=\"lazy\" class=\"size-full wp-image-349 alignleft\" src=\"http:\/\/norahartmann.de\/wp-content\/uploads\/2019\/10\/Alltagswege.jpg\" alt=\"\" width=\"110\" height=\"2142\" \/><img loading=\"lazy\" class=\"size-full wp-image-355 alignleft\" src=\"http:\/\/norahartmann.de\/wp-content\/uploads\/2019\/10\/Welpenwege-e1572028409419.jpg\" alt=\"\" width=\"110\" height=\"142\" \/><\/p>\n","protected":false},"excerpt":{"rendered":"<p>1969 geboren als Tochter einer Tierpflegerin und in der Stuttgarter Wilhelma aufgewachsen, hatte ich zwangsl\u00e4ufig sehr engen Kontakt zu den unterschiedlichsten Tieren. Der Umgang mit ihnen und das Beobachten ihrer Kommunikation untereinander und auch dem Menschen gegen\u00fcber faszinierte mich von Kindesbeinen an und war mir v\u00f6llig selbstverst\u00e4ndlich. Mit Hunden zu tun hatte ich irgendwie schon &hellip; <\/p>\n<p class=\"link-more\"><a href=\"https:\/\/norahartmann.de\/?page_id=36\" class=\"more-link\"><span class=\"screen-reader-text\">\u201e\u00dcber mich\u201c<\/span> weiterlesen<\/a><\/p>\n","protected":false},"author":1,"featured_media":0,"parent":0,"menu_order":0,"comment_status":"closed","ping_status":"closed","template":"","meta":[],"_links":{"self":[{"href":"https:\/\/norahartmann.de\/index.php?rest_route=\/wp\/v2\/pages\/36"}],"collection":[{"href":"https:\/\/norahartmann.de\/index.php?rest_route=\/wp\/v2\/pages"}],"about":[{"href":"https:\/\/norahartmann.de\/index.php?rest_route=\/wp\/v2\/types\/page"}],"author":[{"embeddable":true,"href":"https:\/\/norahartmann.de\/index.php?rest_route=\/wp\/v2\/users\/1"}],"replies":[{"embeddable":true,"href":"https:\/\/norahartmann.de\/index.php?rest_route=%2Fwp%2Fv2%2Fcomments&post=36"}],"version-history":[{"count":31,"href":"https:\/\/norahartmann.de\/index.php?rest_route=\/wp\/v2\/pages\/36\/revisions"}],"predecessor-version":[{"id":455,"href":"https:\/\/norahartmann.de\/index.php?rest_route=\/wp\/v2\/pages\/36\/revisions\/455"}],"wp:attachment":[{"href":"https:\/\/norahartmann.de\/index.php?rest_route=%2Fwp%2Fv2%2Fmedia&parent=36"}],"curies":[{"name":"wp","href":"https:\/\/api.w.org\/{rel}","templated":true}]}}