{"id":274,"date":"2019-02-01T15:46:31","date_gmt":"2019-02-01T14:46:31","guid":{"rendered":"http:\/\/norahartmann.de\/?page_id=274"},"modified":"2019-02-02T07:22:55","modified_gmt":"2019-02-02T06:22:55","slug":"happy-thank-you-more","status":"publish","type":"page","link":"https:\/\/norahartmann.de\/?page_id=274","title":{"rendered":"Happy. Thank you. More&#8230;"},"content":{"rendered":"<p>Irene und Simba<\/p>\n<p>Wie es sein kann, befreit zu sein, es geschafft und endlich ein &#8222;F\u00fcr-immer-Zuhause&#8220; zu haben und doch noch eingesperrt zu sein, gefangen in den eigenen \u00c4ngsten und Traumen, das hat mir in den letzten Tagen sehr eindr\u00fccklich der kleine Simba demonstriert, der, aus einem rum\u00e4nischen Shelter gerettet,nun seit bereits 3 Monaten bei Irene in Stuttgart lebt, wo er sich jedoch den Gro\u00dfteil des Tages und auch die Nacht in ihrem Bett versteckt, die kleine Stirn in sorgenvolle Falten gelegt&#8230;<br \/>\n<img loading=\"lazy\" class=\"alignnone size-medium wp-image-275\" src=\"http:\/\/norahartmann.de\/wp-content\/uploads\/2019\/02\/IMG-20190131-WA0000-300x169.jpg\" alt=\"\" width=\"300\" height=\"169\" srcset=\"https:\/\/norahartmann.de\/wp-content\/uploads\/2019\/02\/IMG-20190131-WA0000-300x169.jpg 300w, https:\/\/norahartmann.de\/wp-content\/uploads\/2019\/02\/IMG-20190131-WA0000-768x432.jpg 768w, https:\/\/norahartmann.de\/wp-content\/uploads\/2019\/02\/IMG-20190131-WA0000-1024x576.jpg 1024w, https:\/\/norahartmann.de\/wp-content\/uploads\/2019\/02\/IMG-20190131-WA0000.jpg 1600w\" sizes=\"(max-width: 300px) 100vw, 300px\" \/><\/p>\n<p>Sein &#8222;Gesch\u00e4ft&#8220; erledigt er im Nebenzimmer auf Inkontinenzeinlagen.<br \/>\nIrene f\u00fcttert ihn ausschlie\u00dflich aus der Hand, was er zwar dankend aber immer ein bisi in Sorge annimmt.<br \/>\nIn diesen drei Monaten hat er durchaus Vertrauen zu Irene gefasst, was jedoch nicht hei\u00dft, dass er sich von ihr ber\u00fchren, geschweige denn streicheln l\u00e4sst&#8230; vor den m\u00e4nnlichen Bewohnern des Haushalts fl\u00fcchtet er. Er tr\u00e4gt seit seiner Ankunft aus Rum\u00e4nien 24\/7 sein Sicherheitsgeschirr und hat bis jetzt nicht einen! einzigen! Schritt vor die T\u00fcr gesetzt&#8230;<br \/>\nIrene ist eine wahnsinnig liebe und sehr gef\u00fchlige Frau, die bereit war, ihm die Zeit zu geben, die er braucht zu heilen, sp\u00fcrt nun aber schon seit geraumer Weile, dass jetzt definitiv der n\u00e4chste, und in Simbas Fall wortw\u00f6rtlich der ERSTE Schritt in die Freiheit getan werden muss. Auf Empfehlung einer Freundin wendet sie sich (gottseidank!) an mich und wir beginnen an einer funktionierenden L\u00f6sung f\u00fcr alle Beteiligten zu arbeiten.<\/p>\n<p><img loading=\"lazy\" class=\"alignnone size-medium wp-image-277\" src=\"http:\/\/norahartmann.de\/wp-content\/uploads\/2019\/02\/IMG-20190131-WA0004-300x169.jpg\" alt=\"\" width=\"300\" height=\"169\" srcset=\"https:\/\/norahartmann.de\/wp-content\/uploads\/2019\/02\/IMG-20190131-WA0004-300x169.jpg 300w, https:\/\/norahartmann.de\/wp-content\/uploads\/2019\/02\/IMG-20190131-WA0004-768x432.jpg 768w, https:\/\/norahartmann.de\/wp-content\/uploads\/2019\/02\/IMG-20190131-WA0004-1024x576.jpg 1024w, https:\/\/norahartmann.de\/wp-content\/uploads\/2019\/02\/IMG-20190131-WA0004.jpg 1600w\" sizes=\"(max-width: 300px) 100vw, 300px\" \/><\/p>\n<p>Nora:&#8220;Ja&#8230;Schluss mit Verstecken! Bald geht&#8217;s raus, mein Freund!&#8220;<\/p>\n<p>Simba:&#8220;Pfff&#8230;in hundert kalten Wintern nicht&#8230;!!&#8220;<\/p>\n<p>Mein erster Impuls, ihm eine leckere H\u00fcndin zu pr\u00e4sentieren, im naiven Glauben, er w\u00fcrde ihr fr\u00f6hlich die drei Stockwerke hinunter in die Freiheit folgen, schl\u00e4gt fehl&#8230;\u00a0Sooo leicht macht er&#8217;s uns dann doch nicht!<\/p>\n<p>Irene reduziert auf mein Anraten die Handf\u00fctterung und der Bub darf sich einfach satt essen, ohne irgendetwas daf\u00fcr tun zu m\u00fcssen, was er ziemlich cool findet&#8230;<\/p>\n<p>Ich besuche die beiden zum zweiten Mal. Wir wollen raus. Simba definitiv nicht. Aber er wei\u00df ja auch (noch) nicht, WIE toll die Welt drau\u00dfen ist und dass eine Million Ger\u00fcche darauf warten, von ihm erschnuppert und unendlich viele B\u00e4ume regelrecht darauf BRENNEN, von ihm markiert zu werden&#8230;<\/p>\n<p><img loading=\"lazy\" class=\"alignnone size-medium wp-image-278\" src=\"http:\/\/norahartmann.de\/wp-content\/uploads\/2019\/02\/IMG-20190201-WA0015-169x300.jpg\" alt=\"\" width=\"169\" height=\"300\" srcset=\"https:\/\/norahartmann.de\/wp-content\/uploads\/2019\/02\/IMG-20190201-WA0015-169x300.jpg 169w, https:\/\/norahartmann.de\/wp-content\/uploads\/2019\/02\/IMG-20190201-WA0015-768x1365.jpg 768w, https:\/\/norahartmann.de\/wp-content\/uploads\/2019\/02\/IMG-20190201-WA0015-576x1024.jpg 576w, https:\/\/norahartmann.de\/wp-content\/uploads\/2019\/02\/IMG-20190201-WA0015.jpg 900w\" sizes=\"(max-width: 169px) 100vw, 169px\" \/><\/p>\n<p>Der Abstieg gestaltet sich schwierig und dauert eeewig ABER Simba schafft es!<br \/>\nWir sind draussen!! Simba ber\u00fchrt nach drei Monaten zum ersten Mal deutschen Boden..!!<\/p>\n<p>Wir verbringen ein paar Minuten im Hof, weinen Freudentr\u00e4nen, Simba pieselt an den Baum direkt vor der Haust\u00fcr, wir gehen \u00fcber die Stra\u00dfe auf&#8217;s Mini-Wiesle und wieder retour&#8230;mehr als genug f\u00fcr heute!<br \/>\nAuch nach oben m\u00f6chte Simba keine Treppen steigen. Mein Blick f\u00e4llt auf seine kleinen Pf\u00f6tchen und ich sehe, WIE wahnsinnig lang seine Krallen sind! Und klar sind sie das, er hatte ja auch null Gelegenheit, sie abzulaufen&#8230;seinen Menschen war das auch schon aufgefallen, aber was tun, wenn man mit dem Bub mal nicht eben ausser Haus zur Krallenpflege gehen kann?! Ich schnappe mir den kleinen Mann kurzerhand und trage ihn die drei Stockwerke nach oben.<\/p>\n<p>In der Wohnung angekommen, streichelt Irene ihren Hund zum allerersten Mal&#8230;<\/p>\n<p><img loading=\"lazy\" class=\"alignnone size-medium wp-image-284\" src=\"http:\/\/norahartmann.de\/wp-content\/uploads\/2019\/02\/IMG-20190130-WA0016-169x300.jpg\" alt=\"\" width=\"169\" height=\"300\" srcset=\"https:\/\/norahartmann.de\/wp-content\/uploads\/2019\/02\/IMG-20190130-WA0016-169x300.jpg 169w, https:\/\/norahartmann.de\/wp-content\/uploads\/2019\/02\/IMG-20190130-WA0016-768x1365.jpg 768w, https:\/\/norahartmann.de\/wp-content\/uploads\/2019\/02\/IMG-20190130-WA0016-576x1024.jpg 576w, https:\/\/norahartmann.de\/wp-content\/uploads\/2019\/02\/IMG-20190130-WA0016.jpg 900w\" sizes=\"(max-width: 169px) 100vw, 169px\" \/><\/p>\n<p>Am n\u00e4chsten Tag mache ich mich erneut auf den Weg. Simbas Krallen wachsen schon &#8222;im Kreis&#8220;, bereits in die Pfotenballen und auch die Haare zwischen den Ballen sind furchtbar lang. Das\u00a0 muss alles ab! Und nein, Pedik\u00fcre f\u00e4llt eigentlich nicht in das Aufgabengebiet des Hundetrainers, aber hej, wie heisst es so sch\u00f6n? Man w\u00e4chst ja bekanntlich mit seinen Aufgaben&#8230;! Irene h\u00e4lt, ich schneide und wir verhelfen Simba zu wesentlich besserer &#8222;Bodenhaftung&#8220;&#8230;<\/p>\n<p><img loading=\"lazy\" class=\"alignnone size-medium wp-image-280\" src=\"http:\/\/norahartmann.de\/wp-content\/uploads\/2019\/02\/IMG-20190131-WA0022-169x300.jpg\" alt=\"\" width=\"169\" height=\"300\" srcset=\"https:\/\/norahartmann.de\/wp-content\/uploads\/2019\/02\/IMG-20190131-WA0022-169x300.jpg 169w, https:\/\/norahartmann.de\/wp-content\/uploads\/2019\/02\/IMG-20190131-WA0022-768x1365.jpg 768w, https:\/\/norahartmann.de\/wp-content\/uploads\/2019\/02\/IMG-20190131-WA0022-576x1024.jpg 576w, https:\/\/norahartmann.de\/wp-content\/uploads\/2019\/02\/IMG-20190131-WA0022.jpg 900w\" sizes=\"(max-width: 169px) 100vw, 169px\" \/><\/p>\n<p>Wir gr\u00fcbeln gemeinsam, wie das &#8222;Leinendilemma&#8220; gehandhabt werden kann und da wir beides sehr patente und durchaus kreative Frauen sind, finden wir auch eine L\u00f6sung und so geht es nach Simbas Beauty-Programm gut gesichert erneut nach draussen. Irene tr\u00e4gt ihn durch&#8217;s Treppenhaus und die Zwei erkunden die Nachbarschaft wie ein altes Ehepaar, fast so als h\u00e4tten sie ihren Lebtag nix anderes getan&#8230;ich folge in geziemendem Abstand au\u00dfer mir vor Gl\u00fcck, krieg mich vor lauter &#8222;super!&#8220;s und &#8222;prima!&#8220;s kaum noch ein und alle drei sind wir einfach nur happy! happy!! happy!!!<\/p>\n<p><img loading=\"lazy\" class=\"alignnone size-medium wp-image-281\" src=\"http:\/\/norahartmann.de\/wp-content\/uploads\/2019\/02\/IMG-20190131-WA0036-300x300.jpg\" alt=\"\" width=\"300\" height=\"300\" srcset=\"https:\/\/norahartmann.de\/wp-content\/uploads\/2019\/02\/IMG-20190131-WA0036-300x300.jpg 300w, https:\/\/norahartmann.de\/wp-content\/uploads\/2019\/02\/IMG-20190131-WA0036-150x150.jpg 150w, https:\/\/norahartmann.de\/wp-content\/uploads\/2019\/02\/IMG-20190131-WA0036-768x768.jpg 768w, https:\/\/norahartmann.de\/wp-content\/uploads\/2019\/02\/IMG-20190131-WA0036-1024x1024.jpg 1024w, https:\/\/norahartmann.de\/wp-content\/uploads\/2019\/02\/IMG-20190131-WA0036-100x100.jpg 100w, https:\/\/norahartmann.de\/wp-content\/uploads\/2019\/02\/IMG-20190131-WA0036.jpg 1600w\" sizes=\"(max-width: 300px) 100vw, 300px\" \/><\/p>\n<p>Hallo Simba! Willkommen in der Freiheit \ud83d\ude0d<\/p>\n<p>M\u00f6glicherweise wird Irene mich noch ein-, zweimal brauchen aber die ersten Schritte in eine rosige Zukunft haben die Beiden gemacht. Ich bin unendlich dankbar f\u00fcr ihr Vertrauen und die M\u00f6glichkeit bei Simbas &#8222;auf die Welt kommen&#8220; mithelfen zu d\u00fcrfen&#8230;weil das war es irgendwie: eine echt &#8222;schwere Geburt&#8220;!! In den letzten Tagen war ich soviel mehr als &#8222;nur&#8220; Hundetrainerin. Ich war Hunde-Hebamme, Psychologin, Hundefriseurin, Freundin und Beifahrerin in dieser Achterbahnfahrt der Gef\u00fchle&#8230; und vor allem ber\u00fchrt war ich! Soo ber\u00fchrt von diesen zwei zauberhaften, sensiblen Pers\u00f6nlichkeiten. Die sich gesucht und gefunden haben. Weil&#8217;s einfach so sein musste&#8230; \u2764<\/p>\n<p>Der letzte Blickkontakt, den ich mit Simba kurz vor&#8217;m Verlassen der Wohnung hatte, war sehr, sehr intensiv. Er schaute mich fest an, ganz klar und offen und ein bisi frech. Er schien zu sagen:&#8220;Okay, du hast tierisch genervt in den letzten Tagen&#8230;aber im Nachhinein versteh ich, wof\u00fcr&#8217;s gut war&#8230;und&#8230;auch wenn ich`s ja echt einseh`, dass es r\u00fcckblickend vielleicht ganz okay war&#8230;aber&#8230;T\u00c4GLICH musst du jetzt fei nicht hier aufkreuzen, das wei\u00dft du schon, gell?!&#8220;<\/p>\n<p><img loading=\"lazy\" class=\"alignnone size-medium wp-image-285\" src=\"http:\/\/norahartmann.de\/wp-content\/uploads\/2019\/02\/IMG-20190131-WA0034-169x300.jpg\" alt=\"\" width=\"169\" height=\"300\" srcset=\"https:\/\/norahartmann.de\/wp-content\/uploads\/2019\/02\/IMG-20190131-WA0034-169x300.jpg 169w, https:\/\/norahartmann.de\/wp-content\/uploads\/2019\/02\/IMG-20190131-WA0034-768x1365.jpg 768w, https:\/\/norahartmann.de\/wp-content\/uploads\/2019\/02\/IMG-20190131-WA0034-576x1024.jpg 576w, https:\/\/norahartmann.de\/wp-content\/uploads\/2019\/02\/IMG-20190131-WA0034.jpg 900w\" sizes=\"(max-width: 169px) 100vw, 169px\" \/><\/p>\n","protected":false},"excerpt":{"rendered":"<p>Irene und Simba Wie es sein kann, befreit zu sein, es geschafft und endlich ein &#8222;F\u00fcr-immer-Zuhause&#8220; zu haben und doch noch eingesperrt zu sein, gefangen in den eigenen \u00c4ngsten und Traumen, das hat mir in den letzten Tagen sehr eindr\u00fccklich der kleine Simba demonstriert, der, aus einem rum\u00e4nischen Shelter gerettet,nun seit bereits 3 Monaten bei &hellip; <\/p>\n<p class=\"link-more\"><a href=\"https:\/\/norahartmann.de\/?page_id=274\" class=\"more-link\"><span class=\"screen-reader-text\">\u201eHappy. Thank you. More&#8230;\u201c<\/span> weiterlesen<\/a><\/p>\n","protected":false},"author":1,"featured_media":0,"parent":0,"menu_order":0,"comment_status":"closed","ping_status":"closed","template":"","meta":[],"_links":{"self":[{"href":"https:\/\/norahartmann.de\/index.php?rest_route=\/wp\/v2\/pages\/274"}],"collection":[{"href":"https:\/\/norahartmann.de\/index.php?rest_route=\/wp\/v2\/pages"}],"about":[{"href":"https:\/\/norahartmann.de\/index.php?rest_route=\/wp\/v2\/types\/page"}],"author":[{"embeddable":true,"href":"https:\/\/norahartmann.de\/index.php?rest_route=\/wp\/v2\/users\/1"}],"replies":[{"embeddable":true,"href":"https:\/\/norahartmann.de\/index.php?rest_route=%2Fwp%2Fv2%2Fcomments&post=274"}],"version-history":[{"count":10,"href":"https:\/\/norahartmann.de\/index.php?rest_route=\/wp\/v2\/pages\/274\/revisions"}],"predecessor-version":[{"id":288,"href":"https:\/\/norahartmann.de\/index.php?rest_route=\/wp\/v2\/pages\/274\/revisions\/288"}],"wp:attachment":[{"href":"https:\/\/norahartmann.de\/index.php?rest_route=%2Fwp%2Fv2%2Fmedia&parent=274"}],"curies":[{"name":"wp","href":"https:\/\/api.w.org\/{rel}","templated":true}]}}